{"id":896,"date":"2017-07-24T17:07:06","date_gmt":"2017-07-24T15:07:06","guid":{"rendered":"http:\/\/www.klann-immobau.de\/?page_id=896"},"modified":"2017-07-25T17:05:34","modified_gmt":"2017-07-25T15:05:34","slug":"2017-heilbronner-weg","status":"publish","type":"page","link":"https:\/\/www.klann.nrw\/?page_id=896","title":{"rendered":"2017 Heilbronner Weg &#8211;"},"content":{"rendered":"<p id=\"cp\"><b>Gratwanderung von und bis Oberstdorf<\/b><\/p>\n<p>Der Heilbronner Weg ist ein hochalpiner Wanderweg in den Allg\u00e4uer Alpen. Es ist ein Teil des Verbindungsweges von der Rappenseeh\u00fctte zum Waltenberger-Haus oder zur Kemptner H\u00fctte in 2432 m bis 2615 m H\u00f6he<\/p>\n<p>Schmale Trittspuren, eine Leiter, eine Br\u00fccke, atemberaubende Tiefblicke und seilgesicherte Stellen verleihen dem Heilbronner Weg den Charakter eines Klettersteigs. Mit Auf- und Abstieg erfordert die Tour zwei bis drei Tagesetappen.<\/p>\n<p>Wir starten um ca. 6 Uhr in Olpe und mit dem erfahrenen Fahrer M.H. sind wir in knapp 5,5 Stunden in Oberstdorf. Vom Parkplatz geht es per Taxi zum Gasthof Ein\u00f6dsbach. Hier werden dann die R\u00fccks\u00e4cke &#8222;angeschnallt&#8220; und wir beginnen den Aufstieg \u00fcber die Enzianh\u00fctte zur Rappenseeh\u00fctte. Das Wetter ist durchwachsen und von innen und au\u00dfen ist die gleiche Feuchtigkeit zu messen. Ein Vierbettzimmer wird von den jungen Wanderern direkt belegt und nach dem Abendessen geht es fr\u00fch zum Schlafen.<\/p>\n<p>Obwohl der H\u00fcttenwirt f\u00fcr den Nachmittag schlechtes Wetter mit Gewitter angek\u00fcndigt hat, starten wir bei Sonnenschein und erreichen die ersten 2600er Spitzen. Zum Gl\u00fcck h\u00e4lt das trockene Wetter, denn bei N\u00e4sse und Gewitter h\u00e4tten wir umkehren m\u00fcssen. So aber erreichen wir eine sch\u00f6ne Senke und den GRILLNACHMITTAG mit W\u00dcRSTCHEN <em>ohne BIER<\/em> lassen wir uns trotz aufkommendem Unwetter nicht nehmen.<\/p>\n<p>Petrus meint es aber gut mit uns, und nur wenige Regentropfen sorgen f\u00fcr eine angenehme Abk\u00fchlung. Zum Schluss verfehlen wir auch noch den Weg und steigen durch eine steile ungesicherte Rinne zur Kemptener H\u00fctte herab.<\/p>\n<p>Das Bettenlager ist gut, aber leider in einem Durchgangszimmer. Daf\u00fcr wird der Abend mit drei Wanderern aus Bamberg lustig und unterhaltsam.<\/p>\n<p>Der Abstieg am n\u00e4chsten Tag wird unerwartet lang und steil. Wir schaffen es locker zum Auto und dann nach Fischen in unser Quartier. Der Durst wird mit einem Hellen gel\u00f6scht. Ein Genuss!<\/p>\n<p>Mit einem sch\u00f6nen,\u00a0 gemeinsamen Abendessen und der R\u00fcckfahrt\u00a0 am n\u00e4chsten Tag beschlie\u00dfen wir die diesj\u00e4hrige Wanderung. Gut, dass wir wieder gesund angekommen sind. Das wichtigste!<\/p>\n<p>Nun wird der Bilderabend noch geplant.<\/p>\n<p><a href=\"http:\/\/www.klann.nrw\/wp-content\/uploads\/2017\/07\/IMG_8922-e1500907373189.jpg\"><img loading=\"lazy\" decoding=\"async\" class=\"aligncenter size-large wp-image-902\" src=\"http:\/\/www.klann.nrw\/wp-content\/uploads\/2017\/07\/IMG_8922-e1500907373189-1024x768.jpg\" alt=\"\" width=\"474\" height=\"356\" srcset=\"https:\/\/www.klann.nrw\/wp-content\/uploads\/2017\/07\/IMG_8922-e1500907373189-1024x768.jpg 1024w, https:\/\/www.klann.nrw\/wp-content\/uploads\/2017\/07\/IMG_8922-e1500907373189-300x225.jpg 300w, https:\/\/www.klann.nrw\/wp-content\/uploads\/2017\/07\/IMG_8922-e1500907373189-768x576.jpg 768w\" sizes=\"auto, (max-width: 474px) 100vw, 474px\" \/><\/a><a href=\"http:\/\/www.klann.nrw\/wp-content\/uploads\/2017\/07\/4.gif\"><img loading=\"lazy\" decoding=\"async\" class=\"aligncenter size-full wp-image-903\" src=\"http:\/\/www.klann.nrw\/wp-content\/uploads\/2017\/07\/4.gif\" alt=\"\" width=\"551\" height=\"416\" \/><\/a><a href=\"http:\/\/www.klann.nrw\/wp-content\/uploads\/2017\/07\/3.gif\"><img loading=\"lazy\" decoding=\"async\" class=\"aligncenter size-full wp-image-904\" src=\"http:\/\/www.klann.nrw\/wp-content\/uploads\/2017\/07\/3.gif\" alt=\"\" width=\"655\" height=\"484\" \/><\/a><a href=\"http:\/\/www.klann.nrw\/wp-content\/uploads\/2017\/07\/2.gif\"><img loading=\"lazy\" decoding=\"async\" class=\"aligncenter size-full wp-image-905\" src=\"http:\/\/www.klann.nrw\/wp-content\/uploads\/2017\/07\/2.gif\" alt=\"\" width=\"726\" height=\"488\" \/><\/a> <a href=\"http:\/\/www.klann.nrw\/wp-content\/uploads\/2017\/07\/IMG_8916-e1500907350518.jpg\"><img loading=\"lazy\" decoding=\"async\" class=\"aligncenter size-large wp-image-901\" src=\"http:\/\/www.klann.nrw\/wp-content\/uploads\/2017\/07\/IMG_8916-e1500907350518-768x1024.jpg\" alt=\"\" width=\"474\" height=\"632\" srcset=\"https:\/\/www.klann.nrw\/wp-content\/uploads\/2017\/07\/IMG_8916-e1500907350518-768x1024.jpg 768w, https:\/\/www.klann.nrw\/wp-content\/uploads\/2017\/07\/IMG_8916-e1500907350518-225x300.jpg 225w\" sizes=\"auto, (max-width: 474px) 100vw, 474px\" \/><\/a> <a href=\"http:\/\/www.klann.nrw\/wp-content\/uploads\/2017\/07\/IMG_8914-e1500907332880.jpg\"><img loading=\"lazy\" decoding=\"async\" class=\"aligncenter size-large wp-image-900\" src=\"http:\/\/www.klann.nrw\/wp-content\/uploads\/2017\/07\/IMG_8914-e1500907332880-768x1024.jpg\" alt=\"\" width=\"474\" height=\"632\" srcset=\"https:\/\/www.klann.nrw\/wp-content\/uploads\/2017\/07\/IMG_8914-e1500907332880-768x1024.jpg 768w, https:\/\/www.klann.nrw\/wp-content\/uploads\/2017\/07\/IMG_8914-e1500907332880-225x300.jpg 225w\" sizes=\"auto, (max-width: 474px) 100vw, 474px\" \/><\/a> <a href=\"http:\/\/www.klann.nrw\/wp-content\/uploads\/2017\/07\/IMG_8913-e1500907313258.jpg\"><img loading=\"lazy\" decoding=\"async\" class=\"aligncenter size-large wp-image-899\" src=\"http:\/\/www.klann.nrw\/wp-content\/uploads\/2017\/07\/IMG_8913-e1500907313258-768x1024.jpg\" alt=\"\" width=\"474\" height=\"632\" srcset=\"https:\/\/www.klann.nrw\/wp-content\/uploads\/2017\/07\/IMG_8913-e1500907313258-768x1024.jpg 768w, https:\/\/www.klann.nrw\/wp-content\/uploads\/2017\/07\/IMG_8913-e1500907313258-225x300.jpg 225w\" sizes=\"auto, (max-width: 474px) 100vw, 474px\" \/><\/a> <a href=\"http:\/\/www.klann.nrw\/wp-content\/uploads\/2017\/07\/IMG_8908-e1500907300200.jpg\"><img loading=\"lazy\" decoding=\"async\" class=\"aligncenter size-large wp-image-898\" src=\"http:\/\/www.klann.nrw\/wp-content\/uploads\/2017\/07\/IMG_8908-e1500907300200-768x1024.jpg\" alt=\"\" width=\"474\" height=\"632\" srcset=\"https:\/\/www.klann.nrw\/wp-content\/uploads\/2017\/07\/IMG_8908-e1500907300200-768x1024.jpg 768w, https:\/\/www.klann.nrw\/wp-content\/uploads\/2017\/07\/IMG_8908-e1500907300200-225x300.jpg 225w\" sizes=\"auto, (max-width: 474px) 100vw, 474px\" \/><\/a> <a href=\"http:\/\/www.klann.nrw\/wp-content\/uploads\/2017\/07\/IMG_8945-e1500907284777.jpg\"><img loading=\"lazy\" decoding=\"async\" class=\"aligncenter size-large wp-image-897\" src=\"http:\/\/www.klann.nrw\/wp-content\/uploads\/2017\/07\/IMG_8945-e1500907284777-768x1024.jpg\" alt=\"\" width=\"474\" height=\"632\" srcset=\"https:\/\/www.klann.nrw\/wp-content\/uploads\/2017\/07\/IMG_8945-e1500907284777-768x1024.jpg 768w, https:\/\/www.klann.nrw\/wp-content\/uploads\/2017\/07\/IMG_8945-e1500907284777-225x300.jpg 225w\" sizes=\"auto, (max-width: 474px) 100vw, 474px\" \/><\/a><\/p>\n<p><a href=\"https:\/\/www.youtube.com\/watch?v=F7BqFziFrMw\" target=\"_blank\" rel=\"noopener\">Und hier zum guten Abschluss und noch Video _ https:\/\/www.youtube.com\/watch?v=F7BqFziFrMw<\/a><\/p>\n<p>&nbsp;<\/p>\n","protected":false},"excerpt":{"rendered":"<p>Gratwanderung von und bis Oberstdorf Der Heilbronner Weg ist ein hochalpiner Wanderweg in den Allg\u00e4uer Alpen. Es ist ein Teil des Verbindungsweges von der Rappenseeh\u00fctte zum Waltenberger-Haus oder zur Kemptner H\u00fctte in 2432 m bis 2615 m H\u00f6he Schmale Trittspuren, eine Leiter, eine Br\u00fccke, atemberaubende Tiefblicke und seilgesicherte Stellen verleihen dem Heilbronner Weg den Charakter [&hellip;]<\/p>\n","protected":false},"author":1,"featured_media":0,"parent":0,"menu_order":0,"comment_status":"closed","ping_status":"closed","template":"","meta":{"footnotes":""},"class_list":["post-896","page","type-page","status-publish","czr-hentry"],"_links":{"self":[{"href":"https:\/\/www.klann.nrw\/index.php?rest_route=\/wp\/v2\/pages\/896","targetHints":{"allow":["GET"]}}],"collection":[{"href":"https:\/\/www.klann.nrw\/index.php?rest_route=\/wp\/v2\/pages"}],"about":[{"href":"https:\/\/www.klann.nrw\/index.php?rest_route=\/wp\/v2\/types\/page"}],"author":[{"embeddable":true,"href":"https:\/\/www.klann.nrw\/index.php?rest_route=\/wp\/v2\/users\/1"}],"replies":[{"embeddable":true,"href":"https:\/\/www.klann.nrw\/index.php?rest_route=%2Fwp%2Fv2%2Fcomments&post=896"}],"version-history":[{"count":10,"href":"https:\/\/www.klann.nrw\/index.php?rest_route=\/wp\/v2\/pages\/896\/revisions"}],"predecessor-version":[{"id":917,"href":"https:\/\/www.klann.nrw\/index.php?rest_route=\/wp\/v2\/pages\/896\/revisions\/917"}],"wp:attachment":[{"href":"https:\/\/www.klann.nrw\/index.php?rest_route=%2Fwp%2Fv2%2Fmedia&parent=896"}],"curies":[{"name":"wp","href":"https:\/\/api.w.org\/{rel}","templated":true}]}}