{"id":2024,"date":"2025-06-04T10:40:42","date_gmt":"2025-06-04T08:40:42","guid":{"rendered":"https:\/\/www.klann.nrw\/?page_id=2024"},"modified":"2025-06-04T10:40:43","modified_gmt":"2025-06-04T08:40:43","slug":"stromwechsel-versorgung-checkliste","status":"publish","type":"page","link":"https:\/\/www.klann.nrw\/?page_id=2024","title":{"rendered":"Stromwechsel\/-versorgung &#8211; Checkliste"},"content":{"rendered":"\n<p>Checkliste Stromversorgung<br>Mieterwechsel<br>Stromanbieter sollte mindestens 2 Wochen vor Einzug kontaktiert werden<br>Vor dem Auszug des alten Mieters<br>[ ] Auszugsdatum festlegen und dokumentieren (z. B. K\u00fcndigungsbest\u00e4tigung)<br>[ ] Z\u00e4hlerstand am Auszugstag ablesen und dokumentieren (mit Foto)<br>[ ] Alten Mieter an Abmeldung beim Stromversorger erinnern (inkl. Z\u00e4hlerdaten)<br>Vor dem Einzug des neuen Mieters (mind. 2 Wochen vorher)<br>[ ] Einzugsdatum schriftlich festhalten (z. B. Mietvertrag)<br>[ ] Neuen Mieter informieren: Strom rechtzeitig anmelden<br>[ ] Z\u00e4hlerstand zum Einzugsdatum vorbereiten oder ablesen lassen<br>Optional: Mitteilung der Marktlokations-Identifikationsnummer (MaLo-ID)<br>Beim Einzug des neuen Mieters<br>[ ] Z\u00e4hlerstand gemeinsam mit Mieter ablesen und protokollieren<br>[ ] Z\u00e4hlernummer und Standort bereithalten f\u00fcr R\u00fcckfragen<br>[ ] Optional: Mitteilung an Netzbetreiber oder Grundversorger bei fehlender<br>Anmeldung<br>Sonstiges (optional)<br>[ ] Vorlage f\u00fcr Stromanmeldung bereitstellen<br>[ ] Kontakt zum Grundversorger bereithalten<br>[ ] Fristen im Kalender notiere<\/p>\n","protected":false},"excerpt":{"rendered":"<p>Checkliste StromversorgungMieterwechselStromanbieter sollte mindestens 2 Wochen vor Einzug kontaktiert werdenVor dem Auszug des alten Mieters[ ] Auszugsdatum festlegen und dokumentieren (z. B. K\u00fcndigungsbest\u00e4tigung)[ ] Z\u00e4hlerstand am Auszugstag ablesen und dokumentieren (mit Foto)[ ] Alten Mieter an Abmeldung beim Stromversorger erinnern (inkl. Z\u00e4hlerdaten)Vor dem Einzug des neuen Mieters (mind. 2 Wochen vorher)[ ] Einzugsdatum schriftlich festhalten [&hellip;]<\/p>\n","protected":false},"author":1,"featured_media":0,"parent":0,"menu_order":0,"comment_status":"closed","ping_status":"closed","template":"","meta":{"footnotes":""},"class_list":["post-2024","page","type-page","status-publish","czr-hentry"],"_links":{"self":[{"href":"https:\/\/www.klann.nrw\/index.php?rest_route=\/wp\/v2\/pages\/2024","targetHints":{"allow":["GET"]}}],"collection":[{"href":"https:\/\/www.klann.nrw\/index.php?rest_route=\/wp\/v2\/pages"}],"about":[{"href":"https:\/\/www.klann.nrw\/index.php?rest_route=\/wp\/v2\/types\/page"}],"author":[{"embeddable":true,"href":"https:\/\/www.klann.nrw\/index.php?rest_route=\/wp\/v2\/users\/1"}],"replies":[{"embeddable":true,"href":"https:\/\/www.klann.nrw\/index.php?rest_route=%2Fwp%2Fv2%2Fcomments&post=2024"}],"version-history":[{"count":1,"href":"https:\/\/www.klann.nrw\/index.php?rest_route=\/wp\/v2\/pages\/2024\/revisions"}],"predecessor-version":[{"id":2026,"href":"https:\/\/www.klann.nrw\/index.php?rest_route=\/wp\/v2\/pages\/2024\/revisions\/2026"}],"wp:attachment":[{"href":"https:\/\/www.klann.nrw\/index.php?rest_route=%2Fwp%2Fv2%2Fmedia&parent=2024"}],"curies":[{"name":"wp","href":"https:\/\/api.w.org\/{rel}","templated":true}]}}