{"id":115,"date":"2014-07-28T12:34:06","date_gmt":"2014-07-28T10:34:06","guid":{"rendered":"http:\/\/www.klann-immobau.de\/?page_id=115"},"modified":"2021-02-19T16:49:23","modified_gmt":"2021-02-19T14:49:23","slug":"den-charakter-von-olpe-erhalten","status":"publish","type":"page","link":"https:\/\/www.klann.nrw\/?page_id=115","title":{"rendered":"Olpe &#8211; Zentrum &#8211; Altstadt"},"content":{"rendered":"<p>Erst kaufen, dann abreisen und anschlie\u00dfend\u00a0&#8222;modern&#8220; bauen.<\/p>\n<p>Ein Frage der Einstellung und der Baugenehmigungen. Als kleiner Investor m\u00f6chten wir erhalten.\u00a0Das ist nicht immer der Weg mit dem gr\u00f6\u00dften Profit, aber es macht Spa\u00df, ist langfristig und insbesondere wird dadurch der Charakter der Stadt Olpe erhalten.<\/p>\n<p><a href=\"http:\/\/www.klann.nrw\/wp-content\/uploads\/2014\/07\/IMG_1845.jpg\"><img loading=\"lazy\" decoding=\"async\" class=\"aligncenter size-large wp-image-1025\" src=\"http:\/\/www.klann.nrw\/wp-content\/uploads\/2014\/07\/IMG_1845-1024x768.jpg\" alt=\"\" width=\"474\" height=\"356\" srcset=\"https:\/\/www.klann.nrw\/wp-content\/uploads\/2014\/07\/IMG_1845-1024x768.jpg 1024w, https:\/\/www.klann.nrw\/wp-content\/uploads\/2014\/07\/IMG_1845-300x225.jpg 300w, https:\/\/www.klann.nrw\/wp-content\/uploads\/2014\/07\/IMG_1845-768x576.jpg 768w\" sizes=\"auto, (max-width: 474px) 100vw, 474px\" \/><\/a> <a href=\"http:\/\/www.klann.nrw\/wp-content\/uploads\/2014\/07\/IMG_1846.jpg\"><img loading=\"lazy\" decoding=\"async\" class=\"aligncenter  wp-image-1026\" src=\"http:\/\/www.klann.nrw\/wp-content\/uploads\/2014\/07\/IMG_1846-1024x768.jpg\" alt=\"\" width=\"475\" height=\"356\" srcset=\"https:\/\/www.klann.nrw\/wp-content\/uploads\/2014\/07\/IMG_1846-1024x768.jpg 1024w, https:\/\/www.klann.nrw\/wp-content\/uploads\/2014\/07\/IMG_1846-300x225.jpg 300w, https:\/\/www.klann.nrw\/wp-content\/uploads\/2014\/07\/IMG_1846-768x576.jpg 768w\" sizes=\"auto, (max-width: 475px) 100vw, 475px\" \/><\/a><a href=\"http:\/\/www.klann.nrw\/wp-content\/uploads\/2018\/06\/img112.jpg\"><img loading=\"lazy\" decoding=\"async\" class=\"aligncenter size-large wp-image-1346\" src=\"http:\/\/www.klann.nrw\/wp-content\/uploads\/2018\/06\/img112-724x1024.jpg\" alt=\"\" width=\"474\" height=\"670\" srcset=\"https:\/\/www.klann.nrw\/wp-content\/uploads\/2018\/06\/img112-724x1024.jpg 724w, https:\/\/www.klann.nrw\/wp-content\/uploads\/2018\/06\/img112-212x300.jpg 212w, https:\/\/www.klann.nrw\/wp-content\/uploads\/2018\/06\/img112-768x1086.jpg 768w\" sizes=\"auto, (max-width: 474px) 100vw, 474px\" \/><\/a> <a href=\"http:\/\/www.klann.nrw\/wp-content\/uploads\/2014\/07\/IMG_1851.jpg\"><img loading=\"lazy\" decoding=\"async\" class=\"aligncenter size-large wp-image-1027\" src=\"http:\/\/www.klann.nrw\/wp-content\/uploads\/2014\/07\/IMG_1851-1024x768.jpg\" alt=\"\" width=\"474\" height=\"356\" srcset=\"https:\/\/www.klann.nrw\/wp-content\/uploads\/2014\/07\/IMG_1851-1024x768.jpg 1024w, https:\/\/www.klann.nrw\/wp-content\/uploads\/2014\/07\/IMG_1851-300x225.jpg 300w, https:\/\/www.klann.nrw\/wp-content\/uploads\/2014\/07\/IMG_1851-768x576.jpg 768w\" sizes=\"auto, (max-width: 474px) 100vw, 474px\" \/><\/a> <a href=\"http:\/\/www.klann.nrw\/wp-content\/uploads\/2014\/07\/IMG_1852.jpg\"><img loading=\"lazy\" decoding=\"async\" class=\"aligncenter size-large wp-image-1028\" src=\"http:\/\/www.klann.nrw\/wp-content\/uploads\/2014\/07\/IMG_1852-1024x768.jpg\" alt=\"\" width=\"474\" height=\"356\" srcset=\"https:\/\/www.klann.nrw\/wp-content\/uploads\/2014\/07\/IMG_1852-1024x768.jpg 1024w, https:\/\/www.klann.nrw\/wp-content\/uploads\/2014\/07\/IMG_1852-300x225.jpg 300w, https:\/\/www.klann.nrw\/wp-content\/uploads\/2014\/07\/IMG_1852-768x576.jpg 768w\" sizes=\"auto, (max-width: 474px) 100vw, 474px\" \/><\/a> <a href=\"http:\/\/www.klann.nrw\/wp-content\/uploads\/2014\/07\/IMG_1856.jpg\"><img loading=\"lazy\" decoding=\"async\" class=\"aligncenter size-large wp-image-1029\" src=\"http:\/\/www.klann.nrw\/wp-content\/uploads\/2014\/07\/IMG_1856-1024x768.jpg\" alt=\"\" width=\"474\" height=\"356\" srcset=\"https:\/\/www.klann.nrw\/wp-content\/uploads\/2014\/07\/IMG_1856-1024x768.jpg 1024w, https:\/\/www.klann.nrw\/wp-content\/uploads\/2014\/07\/IMG_1856-300x225.jpg 300w, https:\/\/www.klann.nrw\/wp-content\/uploads\/2014\/07\/IMG_1856-768x576.jpg 768w\" sizes=\"auto, (max-width: 474px) 100vw, 474px\" \/><\/a> <a href=\"http:\/\/www.klann.nrw\/wp-content\/uploads\/2014\/07\/IMG_1858.jpg\"><img loading=\"lazy\" decoding=\"async\" class=\"aligncenter size-large wp-image-1030\" src=\"http:\/\/www.klann.nrw\/wp-content\/uploads\/2014\/07\/IMG_1858-1024x768.jpg\" alt=\"\" width=\"474\" height=\"356\" srcset=\"https:\/\/www.klann.nrw\/wp-content\/uploads\/2014\/07\/IMG_1858-1024x768.jpg 1024w, https:\/\/www.klann.nrw\/wp-content\/uploads\/2014\/07\/IMG_1858-300x225.jpg 300w, https:\/\/www.klann.nrw\/wp-content\/uploads\/2014\/07\/IMG_1858-768x576.jpg 768w\" sizes=\"auto, (max-width: 474px) 100vw, 474px\" \/><\/a> <a href=\"http:\/\/www.klann.nrw\/wp-content\/uploads\/2014\/07\/IMG_1859.jpg\"><img loading=\"lazy\" decoding=\"async\" class=\"aligncenter size-large wp-image-1031\" src=\"http:\/\/www.klann.nrw\/wp-content\/uploads\/2014\/07\/IMG_1859-1024x768.jpg\" alt=\"\" width=\"474\" height=\"356\" srcset=\"https:\/\/www.klann.nrw\/wp-content\/uploads\/2014\/07\/IMG_1859-1024x768.jpg 1024w, https:\/\/www.klann.nrw\/wp-content\/uploads\/2014\/07\/IMG_1859-300x225.jpg 300w, https:\/\/www.klann.nrw\/wp-content\/uploads\/2014\/07\/IMG_1859-768x576.jpg 768w\" sizes=\"auto, (max-width: 474px) 100vw, 474px\" \/><\/a> <a href=\"http:\/\/www.klann.nrw\/wp-content\/uploads\/2014\/07\/IMG_1863.jpg\"><img loading=\"lazy\" decoding=\"async\" class=\"aligncenter size-large wp-image-1032\" src=\"http:\/\/www.klann.nrw\/wp-content\/uploads\/2014\/07\/IMG_1863-1024x768.jpg\" alt=\"\" width=\"474\" height=\"356\" srcset=\"https:\/\/www.klann.nrw\/wp-content\/uploads\/2014\/07\/IMG_1863-1024x768.jpg 1024w, https:\/\/www.klann.nrw\/wp-content\/uploads\/2014\/07\/IMG_1863-300x225.jpg 300w, https:\/\/www.klann.nrw\/wp-content\/uploads\/2014\/07\/IMG_1863-768x576.jpg 768w\" sizes=\"auto, (max-width: 474px) 100vw, 474px\" \/><\/a><\/p>\n<p>Abreisen und Neubau ist sicherlich die Variante mit dem h\u00f6heren Profit. Wir hatten andere Ziele. Nachhaltigkeit, Spa\u00df und ein wenig Profit. Es geht auch anders.\u00a0 Und hier eine kleine Dokumentation wie es heute innen gestaltet wurde:<\/p>\n<p style=\"text-align: center;\"><a title=\"Felmicke Untergeschoss\" href=\"http:\/\/www.klann.nrw\/?page_id=238\">Untergeschoss<\/a><\/p>\n<p style=\"text-align: center;\">und <a href=\"https:\/\/www.youtube.com\/watch?v=WclNtFzNrqw&amp;feature=youtu.be\" target=\"_blank\" rel=\"noopener\">hier<\/a> ein Rundgang als Video<\/p>\n<p style=\"text-align: center;\"><a title=\"Felmicke Erdgeschoss\" href=\"http:\/\/www.klann.nrw\/?page_id=259\">Erdgeschoss<\/a><\/p>\n<p style=\"text-align: center;\">und <a href=\"https:\/\/www.youtube.com\/watch?v=rKLYH3Xc0II\" target=\"_blank\" rel=\"noopener noreferrer\">hier\u00a0<\/a>ein Rundgang als Video<\/p>\n<p style=\"text-align: center;\"><a title=\"Felmicke Obergeschoss\" href=\"http:\/\/www.klann.nrw\/?page_id=271\">Obergeschoss \u00a0<\/a><\/p>\n<p style=\"text-align: center;\">und <a href=\"https:\/\/www.youtube.com\/watch?v=IBPOalGEgzc&amp;feature=youtu.be\" target=\"_blank\" rel=\"noopener\">hier<\/a> ein Rundgang als Video<\/p>\n","protected":false},"excerpt":{"rendered":"<p>Erst kaufen, dann abreisen und anschlie\u00dfend\u00a0&#8222;modern&#8220; bauen. Ein Frage der Einstellung und der Baugenehmigungen. Als kleiner Investor m\u00f6chten wir erhalten.\u00a0Das ist nicht immer der Weg mit dem gr\u00f6\u00dften Profit, aber es macht Spa\u00df, ist langfristig und insbesondere wird dadurch der Charakter der Stadt Olpe erhalten. Abreisen und Neubau ist sicherlich die Variante mit dem h\u00f6heren [&hellip;]<\/p>\n","protected":false},"author":1,"featured_media":0,"parent":0,"menu_order":0,"comment_status":"open","ping_status":"open","template":"","meta":{"footnotes":""},"class_list":["post-115","page","type-page","status-publish","czr-hentry"],"_links":{"self":[{"href":"https:\/\/www.klann.nrw\/index.php?rest_route=\/wp\/v2\/pages\/115","targetHints":{"allow":["GET"]}}],"collection":[{"href":"https:\/\/www.klann.nrw\/index.php?rest_route=\/wp\/v2\/pages"}],"about":[{"href":"https:\/\/www.klann.nrw\/index.php?rest_route=\/wp\/v2\/types\/page"}],"author":[{"embeddable":true,"href":"https:\/\/www.klann.nrw\/index.php?rest_route=\/wp\/v2\/users\/1"}],"replies":[{"embeddable":true,"href":"https:\/\/www.klann.nrw\/index.php?rest_route=%2Fwp%2Fv2%2Fcomments&post=115"}],"version-history":[{"count":17,"href":"https:\/\/www.klann.nrw\/index.php?rest_route=\/wp\/v2\/pages\/115\/revisions"}],"predecessor-version":[{"id":1744,"href":"https:\/\/www.klann.nrw\/index.php?rest_route=\/wp\/v2\/pages\/115\/revisions\/1744"}],"wp:attachment":[{"href":"https:\/\/www.klann.nrw\/index.php?rest_route=%2Fwp%2Fv2%2Fmedia&parent=115"}],"curies":[{"name":"wp","href":"https:\/\/api.w.org\/{rel}","templated":true}]}}